{"id":78,"date":"2025-06-28T16:02:22","date_gmt":"2025-06-28T16:02:22","guid":{"rendered":"https:\/\/musik-macht-spass-hamburg.de\/?page_id=78"},"modified":"2025-06-28T17:02:47","modified_gmt":"2025-06-28T17:02:47","slug":"koerpertambura","status":"publish","type":"page","link":"https:\/\/musik-macht-spass-hamburg.de\/?page_id=78","title":{"rendered":"K\u00f6rpertambura"},"content":{"rendered":"\n<h1 class=\"wp-block-heading has-text-align-center has-larger-font-size\">K\u00f6rpertambura           <\/h1>\n\n\n<div class=\"wp-block-image\">\n<figure class=\"aligncenter size-large is-resized\"><img loading=\"lazy\" decoding=\"async\" width=\"1024\" height=\"682\" src=\"https:\/\/musik-macht-spass-hamburg.de\/wp-content\/uploads\/2025\/06\/Rottmann_241213_9289-1024x682.jpg\" alt=\"\" class=\"wp-image-70\" style=\"width:530px;height:auto\" srcset=\"https:\/\/musik-macht-spass-hamburg.de\/wp-content\/uploads\/2025\/06\/Rottmann_241213_9289-1024x682.jpg 1024w, https:\/\/musik-macht-spass-hamburg.de\/wp-content\/uploads\/2025\/06\/Rottmann_241213_9289-300x200.jpg 300w, https:\/\/musik-macht-spass-hamburg.de\/wp-content\/uploads\/2025\/06\/Rottmann_241213_9289-768x511.jpg 768w, https:\/\/musik-macht-spass-hamburg.de\/wp-content\/uploads\/2025\/06\/Rottmann_241213_9289.jpg 1280w\" sizes=\"auto, (max-width: 1024px) 100vw, 1024px\" \/><\/figure><\/div>\n\n\n<p class=\"has-large-font-size\">Die K\u00f6rpertambura ist ein Musikinstrument, das f\u00fcr therapeutische Zwecke von Bernhard Deutz entwickelt wurde. Sie ist ein Saiteninstrument, das f\u00fcr seine beruhigenden und harmonischen Kl\u00e4nge bekannt ist. Ihre Besonderheit liegt darin, dass sie nicht nur h\u00f6rbare Kl\u00e4nge erzeugt, sondern durch direkten K\u00f6rperkontakt auch sp\u00fcrbare Vibrationen auf den K\u00f6rper \u00fcbertr\u00e4gt.<\/p>\n\n\n\n<p class=\"has-large-font-size\">Die K\u00f6rpertambura ist mit 28 Saiten ausgestattet ist. Diese Saiten sind so gestimmt, dass sie beim Spielen Obert\u00f6ne erzeugen. Der Patient oder Anwender legt sich dabei auf eine spezielle Liege oder wird mit dem Instrument in Kontakt gebracht, sodass die Schwingungen der K\u00f6rpertambura direkt in den K\u00f6rper geleitet werden.<\/p>\n\n\n\n<p class=\"has-large-font-size\">Wirkung der K\u00f6rpertambura auf verschiedenen Ebenen:<\/p>\n\n\n\n<p class=\"has-large-font-size\">1. K\u00f6rperliche Entspannung durch Vibration: Die durch das Spielen erzeugten Schwingungen \u00fcbertragen sich direkt auf den K\u00f6rper und l\u00f6sen eine tiefe, physische Entspannung aus. Die Vibrationen stimulieren die Muskulatur, f\u00f6rdern die Durchblutung und k\u00f6nnen Muskelverspannungen sanft l\u00f6sen.<\/p>\n\n\n\n<p class=\"has-large-font-size\">2. Beruhigung des Nervensystems und F\u00f6rderung der Selbstheilungskr\u00e4fte: Die beruhigenden, resonanten Kl\u00e4nge wirken unmittelbar auf das Nervensystem. Sie k\u00f6nnen helfen, stressbedingte Anspannungen zu l\u00f6sen und das vegetative Nervensystem zu regulieren, was den K\u00f6rper in einen Zustand tiefer Entspannung versetzt.<\/p>\n\n\n\n<p class=\"has-large-font-size\">3. Mentale und emotionale Ausgeglichenheit: Die harmonischen Obert\u00f6ne, die das Instrument erzeugt, wirken nicht nur k\u00f6rperlich, sondern auch auf der geistigen und emotionalen Ebene. Sie f\u00f6rdern die innere Ruhe und k\u00f6nnen dazu beitragen, mentale Blockaden oder negative Gedankenmuster aufzul\u00f6sen. Viele Anwender berichten von einem Gef\u00fchl tiefer Gelassenheit und Klarheit.<\/p>\n\n\n\n<p class=\"has-large-font-size\">Einsatzgebiete der K\u00f6rpertambura:<\/p>\n\n\n\n<p class=\"has-large-font-size\"><strong>Traumatherapie<\/strong>: Die tiefgehende Entspannung, die das Instrument f\u00f6rdert, kann auch in der therapeutischen Arbeit mit traumatischen Erlebnissen hilfreich sein, da sie dem K\u00f6rper und Geist erlaubt, sich zu \u00f6ffnen und Heilung zuzulassen.<\/p>\n\n\n\n<p class=\"has-large-font-size\"><strong>Schmerzlinderung<\/strong>&nbsp;und&nbsp;<strong>Stressbew\u00e4ltigung<\/strong>: Die Vibrationen der K\u00f6rpertambura k\u00f6nnen bei chronischen Schmerzen oder muskul\u00e4ren Beschwerden unterst\u00fctzend wirken, indem sie die Durchblutung verbessern und Verspannungen abbauen.<\/p>\n","protected":false},"excerpt":{"rendered":"<p>K\u00f6rpertambura Die K\u00f6rpertambura ist ein Musikinstrument, das f\u00fcr therapeutische Zwecke von Bernhard Deutz entwickelt wurde. Sie ist ein Saiteninstrument, das f\u00fcr seine beruhigenden und harmonischen Kl\u00e4nge bekannt ist. Ihre Besonderheit liegt darin, dass sie nicht nur h\u00f6rbare Kl\u00e4nge erzeugt, sondern durch direkten K\u00f6rperkontakt auch sp\u00fcrbare Vibrationen auf den K\u00f6rper \u00fcbertr\u00e4gt. &hellip;<\/p>\n","protected":false},"author":1,"featured_media":0,"parent":0,"menu_order":0,"comment_status":"closed","ping_status":"closed","template":"","meta":{"footnotes":""},"class_list":["post-78","page","type-page","status-publish","hentry"],"_links":{"self":[{"href":"https:\/\/musik-macht-spass-hamburg.de\/index.php?rest_route=\/wp\/v2\/pages\/78","targetHints":{"allow":["GET"]}}],"collection":[{"href":"https:\/\/musik-macht-spass-hamburg.de\/index.php?rest_route=\/wp\/v2\/pages"}],"about":[{"href":"https:\/\/musik-macht-spass-hamburg.de\/index.php?rest_route=\/wp\/v2\/types\/page"}],"author":[{"embeddable":true,"href":"https:\/\/musik-macht-spass-hamburg.de\/index.php?rest_route=\/wp\/v2\/users\/1"}],"replies":[{"embeddable":true,"href":"https:\/\/musik-macht-spass-hamburg.de\/index.php?rest_route=%2Fwp%2Fv2%2Fcomments&post=78"}],"version-history":[{"count":6,"href":"https:\/\/musik-macht-spass-hamburg.de\/index.php?rest_route=\/wp\/v2\/pages\/78\/revisions"}],"predecessor-version":[{"id":108,"href":"https:\/\/musik-macht-spass-hamburg.de\/index.php?rest_route=\/wp\/v2\/pages\/78\/revisions\/108"}],"wp:attachment":[{"href":"https:\/\/musik-macht-spass-hamburg.de\/index.php?rest_route=%2Fwp%2Fv2%2Fmedia&parent=78"}],"curies":[{"name":"wp","href":"https:\/\/api.w.org\/{rel}","templated":true}]}}