{"id":22,"date":"2025-05-29T08:39:04","date_gmt":"2025-05-29T08:39:04","guid":{"rendered":"https:\/\/musik-macht-spass-hamburg.de\/?page_id=22"},"modified":"2025-06-28T17:34:44","modified_gmt":"2025-06-28T17:34:44","slug":"datenschutz-und-disclaimer","status":"publish","type":"page","link":"https:\/\/musik-macht-spass-hamburg.de\/?page_id=22","title":{"rendered":"Datenschutz und Disclaimer"},"content":{"rendered":"\n<p class=\"has-large-font-size\">1. Name und Kontaktdaten des Verantwortlichen<br><br>Verantwortlich f\u00fcr die Datenverarbeitung auf dieser Website ist:<br>Gabriele S.L.Schneider \/ Musik macht Spa\u00df<br>Probsteier Str. 5<br>22049 Hamburg<br>0179 7871956<br>mail@<a href=\"http:\/\/musik-macht-spass-hamburg.de\">musik-macht-spass-hamburg.de<\/a><br><br><br>2. Erhebung und Speicherung personenbezogener Daten sowie Art und Zweck von deren Verwendung<br><br>Beim Besuch der Website<br><br>Beim Aufrufen unserer Website werden durch den auf Ihrem Endger\u00e4t zum Einsatz kommenden Browser automatisch Informationen an den Server unserer Website gesendet. Diese Informationen werden tempor\u00e4r in einem sog. Logfile gespeichert. Folgende Informationen werden dabei ohne Ihr Zutun erfasst und bis zur automatisierten L\u00f6schung gespeichert:<br><br>IP-Adresse des anfragenden Rechners,<br><br>Datum und Uhrzeit des Zugriffs,<br><br>Name und URL der abgerufenen Datei,<br><br>Website, von der aus der Zugriff erfolgt (Referrer-URL),<br><br>verwendeter Browser und ggf. das Betriebssystem Ihres Rechners sowie der Name Ihres Access-Providers.<br><br><br>Zweck der Verarbeitung:<br>Die genannten Daten werden durch uns zu folgenden Zwecken verarbeitet:<br><br>Gew\u00e4hrleistung eines reibungslosen Verbindungsaufbaus der Website,<br><br>Gew\u00e4hrleistung einer komfortablen Nutzung unserer Website,<br><br>Auswertung der Systemsicherheit und -stabilit\u00e4t sowie<br><br>zu weiteren administrativen Zwecken.<br><br><br>Die Rechtsgrundlage f\u00fcr die Datenverarbeitung ist Art.\u202f6 Abs.\u202f1 S.\u202f1 lit.\u202ff DSGVO. Unser berechtigtes Interesse folgt aus den oben aufgelisteten Zwecken.<br><br><br>3. Weitergabe von Daten<br><br>Eine \u00dcbermittlung Ihrer pers\u00f6nlichen Daten an Dritte findet nicht statt, es sei denn, Sie haben ausdr\u00fccklich eingewilligt oder die Weitergabe ist gesetzlich zul\u00e4ssig.<br><br><br>4. Cookies<br><br>Unsere Website verwendet nur technisch notwendige Cookies. Cookies sind kleine Textdateien, die auf Ihrem Endger\u00e4t gespeichert werden. Die meisten der von uns verwendeten Cookies werden nach Ende Ihres Besuchs automatisch gel\u00f6scht (sog. Session-Cookies).<br><br><br>5. Ihre Rechte<br><br>Sie haben das Recht:<br><br>gem\u00e4\u00df Art.\u202f15 DSGVO Auskunft \u00fcber Ihre von uns verarbeiteten personenbezogenen Daten zu verlangen,<br><br>gem\u00e4\u00df Art.\u202f16 DSGVO unverz\u00fcglich die Berichtigung unrichtiger oder Vervollst\u00e4ndigung Ihrer bei uns gespeicherten personenbezogenen Daten zu verlangen,<br><br>gem\u00e4\u00df Art.\u202f17 DSGVO die L\u00f6schung Ihrer bei uns gespeicherten personenbezogenen Daten zu verlangen,<br><br>gem\u00e4\u00df Art.\u202f18 DSGVO die Einschr\u00e4nkung der Verarbeitung Ihrer personenbezogenen Daten zu verlangen,<br><br>gem\u00e4\u00df Art.\u202f20 DSGVO Ihre personenbezogenen Daten in einem strukturierten, g\u00e4ngigen und maschinenlesebaren Format zu erhalten,<br><br>gem\u00e4\u00df Art.\u202f7 Abs.\u202f3 DSGVO Ihre einmal erteilte Einwilligung jederzeit zu widerrufen,<br><br>gem\u00e4\u00df Art.\u202f77 DSGVO sich bei einer Aufsichtsbeh\u00f6rde zu beschweren.<br><br><br>6. Widerspruchsrecht<br><br>Sofern Ihre personenbezogenen Daten auf Grundlage von berechtigten Interessen verarbeitet werden (Art.\u202f6 Abs.\u202f1 S.\u202f1 lit.\u202ff DSGVO), haben Sie das Recht, Widerspruch gegen die Verarbeitung einzulegen, soweit daf\u00fcr Gr\u00fcnde vorliegen, die sich aus Ihrer besonderen Situation ergeben.<br><br><br>7. Datensicherheit<br><br>Wir verwenden innerhalb des Website-Besuchs das verbreitete SSL-Verfahren (Secure Socket Layer) in Verbindung mit der jeweils h\u00f6chsten Verschl\u00fcsselungsstufe, die von Ihrem Browser unterst\u00fctzt wird.<br><br><br>8. Aktualit\u00e4t und \u00c4nderung dieser Datenschutzerkl\u00e4rung<br><br>Diese Datenschutzerkl\u00e4rung ist aktuell g\u00fcltig und hat den Stand vom 28.06.2025.<br>Durch die Weiterentwicklung unserer Website kann es notwendig werden, diese Datenschutzerkl\u00e4rung zu \u00e4ndern. Die jeweils aktuelle Datenschutzerkl\u00e4rung kann jederzeit auf unserer Website von Ihnen abgerufen werden.<\/p>\n\n\n\n<p><\/p>\n","protected":false},"excerpt":{"rendered":"<p>1. Name und Kontaktdaten des Verantwortlichen Verantwortlich f\u00fcr die Datenverarbeitung auf dieser Website ist:Gabriele S.L.Schneider \/ Musik macht Spa\u00dfProbsteier Str. 522049 Hamburg0179 7871956mail@musik-macht-spass-hamburg.de 2. Erhebung und Speicherung personenbezogener Daten sowie Art und Zweck von deren Verwendung Beim Besuch der Website Beim Aufrufen unserer Website werden durch den auf Ihrem Endger\u00e4t &hellip;<\/p>\n","protected":false},"author":1,"featured_media":0,"parent":0,"menu_order":0,"comment_status":"closed","ping_status":"closed","template":"","meta":{"footnotes":""},"class_list":["post-22","page","type-page","status-publish","hentry"],"_links":{"self":[{"href":"https:\/\/musik-macht-spass-hamburg.de\/index.php?rest_route=\/wp\/v2\/pages\/22","targetHints":{"allow":["GET"]}}],"collection":[{"href":"https:\/\/musik-macht-spass-hamburg.de\/index.php?rest_route=\/wp\/v2\/pages"}],"about":[{"href":"https:\/\/musik-macht-spass-hamburg.de\/index.php?rest_route=\/wp\/v2\/types\/page"}],"author":[{"embeddable":true,"href":"https:\/\/musik-macht-spass-hamburg.de\/index.php?rest_route=\/wp\/v2\/users\/1"}],"replies":[{"embeddable":true,"href":"https:\/\/musik-macht-spass-hamburg.de\/index.php?rest_route=%2Fwp%2Fv2%2Fcomments&post=22"}],"version-history":[{"count":2,"href":"https:\/\/musik-macht-spass-hamburg.de\/index.php?rest_route=\/wp\/v2\/pages\/22\/revisions"}],"predecessor-version":[{"id":126,"href":"https:\/\/musik-macht-spass-hamburg.de\/index.php?rest_route=\/wp\/v2\/pages\/22\/revisions\/126"}],"wp:attachment":[{"href":"https:\/\/musik-macht-spass-hamburg.de\/index.php?rest_route=%2Fwp%2Fv2%2Fmedia&parent=22"}],"curies":[{"name":"wp","href":"https:\/\/api.w.org\/{rel}","templated":true}]}}