{"id":16,"date":"2025-05-29T08:30:58","date_gmt":"2025-05-29T08:30:58","guid":{"rendered":"https:\/\/musik-macht-spass-hamburg.de\/?page_id=16"},"modified":"2025-06-28T17:16:10","modified_gmt":"2025-06-28T17:16:10","slug":"projekte","status":"publish","type":"page","link":"https:\/\/musik-macht-spass-hamburg.de\/?page_id=16","title":{"rendered":"Projekte"},"content":{"rendered":"<div class=\"wp-block-image\">\n<figure class=\"aligncenter size-full is-resized\"><img loading=\"lazy\" decoding=\"async\" width=\"317\" height=\"428\" src=\"https:\/\/musik-macht-spass-hamburg.de\/wp-content\/uploads\/2025\/06\/PMV11199.jpg\" alt=\"\" class=\"wp-image-116\" style=\"width:321px;height:auto\" srcset=\"https:\/\/musik-macht-spass-hamburg.de\/wp-content\/uploads\/2025\/06\/PMV11199.jpg 317w, https:\/\/musik-macht-spass-hamburg.de\/wp-content\/uploads\/2025\/06\/PMV11199-222x300.jpg 222w, https:\/\/musik-macht-spass-hamburg.de\/wp-content\/uploads\/2025\/06\/PMV11199-148x200.jpg 148w\" sizes=\"auto, (max-width: 317px) 100vw, 317px\" \/><\/figure><\/div>\n\n\n<h1 class=\"wp-block-heading has-text-align-center has-larger-font-size\">Musikprojekte<\/h1>\n\n\n\n<h3 class=\"wp-block-heading has-text-align-center has-larger-font-size\">Klavierliteratur f\u00fcr 6 &#8211; 8 H\u00e4nde<\/h3>\n\n\n\n<p class=\"has-large-font-size\">Wenn Sie Lust haben, mit mehreren Leuten an einem Klavier zusammen zu spielen, dann k\u00f6nnten diese Spielhefte f\u00fcr Sie interessant sein:<\/p>\n\n\n\n<p class=\"has-large-font-size\">Das Spielheft&nbsp;<strong>&#8222;Tastenspa\u00df&#8220;<\/strong>&nbsp;f\u00fcr 3-4 Spieler&nbsp;<strong>Traditionals, Lieder und Neukompositionen<\/strong>, habe ich in Zusammenarbeit mit meinen Kolleginnen&nbsp;<a href=\"https:\/\/musik-macht-spass-hamburg.de\/links.html\">Christiane H. Becker<\/a>&nbsp;und&nbsp;<a href=\"https:\/\/musik-macht-spass-hamburg.de\/links.html\">Serena Kahnert<\/a>&nbsp;geschrieben. Es besteht aus Arrangements und Kompositionen f\u00fcr 6-8 H\u00e4nde an einem Klavier \u2013 siehe auch&nbsp;<a href=\"http:\/\/www.tastenspass-hamburg.de\/musikprojekte.html\" target=\"_blank\" rel=\"noreferrer noopener\">www.tastenspass-hamburg.de<\/a>. Sie k\u00f6nnen es bestellen unter: Bosworth Music GmbH&nbsp;<a href=\"http:\/\/www.bosworth-print.de\/nc\/produktsuche-ergebnisseite\/?search_category=0&amp;search_input=tastenspa%C3%9F\" target=\"_blank\" rel=\"noreferrer noopener\">HIER<\/a>.<\/p>\n\n\n<div class=\"wp-block-image\">\n<figure class=\"aligncenter size-full is-resized\"><img loading=\"lazy\" decoding=\"async\" width=\"382\" height=\"500\" src=\"https:\/\/musik-macht-spass-hamburg.de\/wp-content\/uploads\/2025\/06\/51C9iMKqRfL.jpg\" alt=\"\" class=\"wp-image-115\" style=\"width:326px;height:auto\" srcset=\"https:\/\/musik-macht-spass-hamburg.de\/wp-content\/uploads\/2025\/06\/51C9iMKqRfL.jpg 382w, https:\/\/musik-macht-spass-hamburg.de\/wp-content\/uploads\/2025\/06\/51C9iMKqRfL-229x300.jpg 229w, https:\/\/musik-macht-spass-hamburg.de\/wp-content\/uploads\/2025\/06\/51C9iMKqRfL-153x200.jpg 153w\" sizes=\"auto, (max-width: 382px) 100vw, 382px\" \/><\/figure><\/div>\n\n\n<p class=\"has-large-font-size\">Bekannte und neue&nbsp;<strong>Weihnachtslieder<\/strong>&nbsp;haben wir zusammengestellt in dem Weihnachtsheft &#8222;Tastenspa\u00df f\u00fcr drei bis vier Spieler &#8211;&nbsp;<strong>Bekannte und neue Weihnachtslieder<\/strong>&#8220; (Spielheft mit CD). Sie k\u00f6nnen es bestellen unter: Bosworth Music GmbH&nbsp;<a href=\"http:\/\/www.bosworth-print.de\/kategorien-und-produkte\/spielmaterial\/weihnachten\/produkt\/tastenspass-bekannte-und-neue-weihnachtslieder-buchcd\/\" target=\"_blank\" rel=\"noreferrer noopener\">HIER<\/a>.<\/p>\n\n\n\n<p><\/p>\n","protected":false},"excerpt":{"rendered":"<p>Musikprojekte Klavierliteratur f\u00fcr 6 &#8211; 8 H\u00e4nde Wenn Sie Lust haben, mit mehreren Leuten an einem Klavier zusammen zu spielen, dann k\u00f6nnten diese Spielhefte f\u00fcr Sie interessant sein: Das Spielheft&nbsp;&#8222;Tastenspa\u00df&#8220;&nbsp;f\u00fcr 3-4 Spieler&nbsp;Traditionals, Lieder und Neukompositionen, habe ich in Zusammenarbeit mit meinen Kolleginnen&nbsp;Christiane H. Becker&nbsp;und&nbsp;Serena Kahnert&nbsp;geschrieben. Es besteht aus Arrangements und &hellip;<\/p>\n","protected":false},"author":1,"featured_media":0,"parent":0,"menu_order":0,"comment_status":"closed","ping_status":"closed","template":"","meta":{"footnotes":""},"class_list":["post-16","page","type-page","status-publish","hentry"],"_links":{"self":[{"href":"https:\/\/musik-macht-spass-hamburg.de\/index.php?rest_route=\/wp\/v2\/pages\/16","targetHints":{"allow":["GET"]}}],"collection":[{"href":"https:\/\/musik-macht-spass-hamburg.de\/index.php?rest_route=\/wp\/v2\/pages"}],"about":[{"href":"https:\/\/musik-macht-spass-hamburg.de\/index.php?rest_route=\/wp\/v2\/types\/page"}],"author":[{"embeddable":true,"href":"https:\/\/musik-macht-spass-hamburg.de\/index.php?rest_route=\/wp\/v2\/users\/1"}],"replies":[{"embeddable":true,"href":"https:\/\/musik-macht-spass-hamburg.de\/index.php?rest_route=%2Fwp%2Fv2%2Fcomments&post=16"}],"version-history":[{"count":3,"href":"https:\/\/musik-macht-spass-hamburg.de\/index.php?rest_route=\/wp\/v2\/pages\/16\/revisions"}],"predecessor-version":[{"id":118,"href":"https:\/\/musik-macht-spass-hamburg.de\/index.php?rest_route=\/wp\/v2\/pages\/16\/revisions\/118"}],"wp:attachment":[{"href":"https:\/\/musik-macht-spass-hamburg.de\/index.php?rest_route=%2Fwp%2Fv2%2Fmedia&parent=16"}],"curies":[{"name":"wp","href":"https:\/\/api.w.org\/{rel}","templated":true}]}}