{"id":14,"date":"2025-05-29T08:28:41","date_gmt":"2025-05-29T08:28:41","guid":{"rendered":"https:\/\/musik-macht-spass-hamburg.de\/?page_id=14"},"modified":"2025-06-28T17:10:39","modified_gmt":"2025-06-28T17:10:39","slug":"unterricht","status":"publish","type":"page","link":"https:\/\/musik-macht-spass-hamburg.de\/?page_id=14","title":{"rendered":"Unterricht"},"content":{"rendered":"<div class=\"wp-block-image\">\n<figure class=\"aligncenter size-large is-resized\"><img loading=\"lazy\" decoding=\"async\" width=\"1024\" height=\"682\" src=\"https:\/\/musik-macht-spass-hamburg.de\/wp-content\/uploads\/2025\/06\/Rottmann_241218_1759-1024x682.jpg\" alt=\"\" class=\"wp-image-74\" style=\"width:705px;height:auto\" srcset=\"https:\/\/musik-macht-spass-hamburg.de\/wp-content\/uploads\/2025\/06\/Rottmann_241218_1759-1024x682.jpg 1024w, https:\/\/musik-macht-spass-hamburg.de\/wp-content\/uploads\/2025\/06\/Rottmann_241218_1759-300x200.jpg 300w, https:\/\/musik-macht-spass-hamburg.de\/wp-content\/uploads\/2025\/06\/Rottmann_241218_1759-768x511.jpg 768w, https:\/\/musik-macht-spass-hamburg.de\/wp-content\/uploads\/2025\/06\/Rottmann_241218_1759.jpg 1280w\" sizes=\"auto, (max-width: 1024px) 100vw, 1024px\" \/><\/figure><\/div>\n\n\n<h1 class=\"wp-block-heading has-text-align-center has-larger-font-size\">Was macht die Besonderheit meines<br>Musikunterrichts aus?<\/h1>\n\n\n\n<ul class=\"wp-block-list has-large-font-size\">\n<li>entspanntes Lernen ohne Druck<\/li>\n\n\n\n<li>Lernen in wohlwollender und freundlicher Atmosph\u00e4re<\/li>\n\n\n\n<li>F\u00f6rderung des eigenst\u00e4ndigen Arbeitens<\/li>\n\n\n\n<li>individuell gestalteter Unterricht<\/li>\n\n\n\n<li>mit Freude aus der Stunde gehen.<\/li>\n<\/ul>\n\n\n\n<h1 class=\"wp-block-heading has-large-font-size\">Haben Sie sich bisher noch nie mit einem Instrument besch\u00e4ftigt? Sind Noten f\u00fcr Sie ein vollkommen neues Terrain? Unabh\u00e4ngig von Alter und Vorkenntnissen, unterst\u00fctze ich Sie bei Ihrer Entdeckungsreise durch die Welt der Musik.<\/h1>\n\n\n\n<p class=\"has-large-font-size\">Neugierig geworden?<\/p>\n\n\n\n<p class=\"has-large-font-size\">Melden Sie sich unter:&nbsp;<a href=\"https:\/\/musik-macht-spass-hamburg.de\/kontakt.html\">Kontakt<\/a><\/p>\n","protected":false},"excerpt":{"rendered":"<p>Was macht die Besonderheit meinesMusikunterrichts aus? Haben Sie sich bisher noch nie mit einem Instrument besch\u00e4ftigt? Sind Noten f\u00fcr Sie ein vollkommen neues Terrain? Unabh\u00e4ngig von Alter und Vorkenntnissen, unterst\u00fctze ich Sie bei Ihrer Entdeckungsreise durch die Welt der Musik. Neugierig geworden? Melden Sie sich unter:&nbsp;Kontakt<\/p>\n","protected":false},"author":1,"featured_media":0,"parent":0,"menu_order":0,"comment_status":"closed","ping_status":"closed","template":"","meta":{"footnotes":""},"class_list":["post-14","page","type-page","status-publish","hentry"],"_links":{"self":[{"href":"https:\/\/musik-macht-spass-hamburg.de\/index.php?rest_route=\/wp\/v2\/pages\/14","targetHints":{"allow":["GET"]}}],"collection":[{"href":"https:\/\/musik-macht-spass-hamburg.de\/index.php?rest_route=\/wp\/v2\/pages"}],"about":[{"href":"https:\/\/musik-macht-spass-hamburg.de\/index.php?rest_route=\/wp\/v2\/types\/page"}],"author":[{"embeddable":true,"href":"https:\/\/musik-macht-spass-hamburg.de\/index.php?rest_route=\/wp\/v2\/users\/1"}],"replies":[{"embeddable":true,"href":"https:\/\/musik-macht-spass-hamburg.de\/index.php?rest_route=%2Fwp%2Fv2%2Fcomments&post=14"}],"version-history":[{"count":8,"href":"https:\/\/musik-macht-spass-hamburg.de\/index.php?rest_route=\/wp\/v2\/pages\/14\/revisions"}],"predecessor-version":[{"id":159,"href":"https:\/\/musik-macht-spass-hamburg.de\/index.php?rest_route=\/wp\/v2\/pages\/14\/revisions\/159"}],"wp:attachment":[{"href":"https:\/\/musik-macht-spass-hamburg.de\/index.php?rest_route=%2Fwp%2Fv2%2Fmedia&parent=14"}],"curies":[{"name":"wp","href":"https:\/\/api.w.org\/{rel}","templated":true}]}}