{"id":12,"date":"2025-05-29T08:26:14","date_gmt":"2025-05-29T08:26:14","guid":{"rendered":"https:\/\/musik-macht-spass-hamburg.de\/?page_id=12"},"modified":"2025-06-28T17:05:39","modified_gmt":"2025-06-28T17:05:39","slug":"profil","status":"publish","type":"page","link":"https:\/\/musik-macht-spass-hamburg.de\/?page_id=12","title":{"rendered":"\u00dcber mich"},"content":{"rendered":"<div class=\"wp-block-image\">\n<figure class=\"aligncenter size-large is-resized\"><img loading=\"lazy\" decoding=\"async\" width=\"1024\" height=\"682\" src=\"https:\/\/musik-macht-spass-hamburg.de\/wp-content\/uploads\/2025\/06\/Rottmann_241218_1850-1024x682.jpg\" alt=\"\" class=\"wp-image-75\" style=\"width:554px;height:auto\" srcset=\"https:\/\/musik-macht-spass-hamburg.de\/wp-content\/uploads\/2025\/06\/Rottmann_241218_1850-1024x682.jpg 1024w, https:\/\/musik-macht-spass-hamburg.de\/wp-content\/uploads\/2025\/06\/Rottmann_241218_1850-300x200.jpg 300w, https:\/\/musik-macht-spass-hamburg.de\/wp-content\/uploads\/2025\/06\/Rottmann_241218_1850-768x511.jpg 768w, https:\/\/musik-macht-spass-hamburg.de\/wp-content\/uploads\/2025\/06\/Rottmann_241218_1850.jpg 1280w\" sizes=\"auto, (max-width: 1024px) 100vw, 1024px\" \/><\/figure><\/div>\n\n\n<h3 class=\"wp-block-heading has-text-align-center has-larger-font-size\">Musik macht Spa\u00df<\/h3>\n\n\n\n<p class=\"has-large-font-size\">Im Alter von 7 Jahren bekam ich meinen ersten&nbsp;<strong>Blockfl\u00f6tenunterricht<\/strong>. Mit 12 Jahren ging mein Wunsch nach&nbsp;<strong>Gitarrenunterricht<\/strong>&nbsp;in Erf\u00fcllung und sp\u00e4ter kam noch Unterricht am&nbsp;<strong>Klavier<\/strong>&nbsp;dazu.<\/p>\n\n\n\n<p class=\"has-large-font-size\">Am Hamburger Konservatorium studierte ich im Bereich Privatmusik Allgemeine Musikerziehung und schloss 1988 mit einem Diplom f\u00fcr Musikp\u00e4dagogik ab.<\/p>\n\n\n\n<p class=\"has-large-font-size\">Danach arbeitete ich 10 Jahre in verschiedenen Einrichtungen, u. a. am&nbsp;<strong>Hamburger Konservatorium<\/strong>&nbsp;im Bereich Musikalische Fr\u00fcherziehung sowie an einer Musikschule mit den F\u00e4chern&nbsp;<strong>Gitarre und Blockfl\u00f6te<\/strong>&nbsp;im Einzel- und Gruppenunterricht. Des weiteren unterrichtete ich an einer integrativen Grundschule die F\u00e4cher Musik und Ensemblespiel.<\/p>\n\n\n\n<p class=\"has-large-font-size\">Dort wurde mir der Unterricht f\u00fcr F\u00f6rderkindern mit Down Syndrom, Spasmen, Autismus, Sehbehinderung, Erblindung u. a., erm\u00f6glicht.<\/p>\n\n\n\n<p class=\"has-large-font-size\">Besonders hilfreich dabei war meine Ausbildung in k\u00f6rperorientierter Psychotherapie (Hakomi).<\/p>\n\n\n\n<p class=\"has-large-font-size\">Seit 1993 arbeite ich freiberuflich, in den F\u00e4chern<strong>&nbsp;Gitarren-, Klavier- und Blockfl\u00f6tenunterricht<\/strong>&nbsp;mit Einzelsch\u00fclern sowie mit Gruppen.<\/p>\n\n\n\n<p class=\"has-large-font-size\">Die Altersgruppe meiner Sch\u00fcler liegt zwischen 4 und 70 Jahren. In den letzten Jahren haben immer mehr Erwachsene und&nbsp;<strong>Senioren<\/strong>&nbsp;mit Klavier-, Blockfl\u00f6ten- und Gitarrenunterricht bei mir begonnen. Es macht mir viel Freude zu sehen, wie Menschen, auch in diesem Alter, den Mut haben, etwas ganz Neues zu lernen.<\/p>\n\n\n\n<p class=\"has-large-font-size\">Meine Erfahrungen aus Fortbildungen in verschiedenen Bereichen, z. B. hirngerechtes Lernen nach V. Birkenbihl, flie\u00dfen in den Unterricht ein. Ich bin auch kompositorisch t\u00e4tig und f\u00f6rdere die Impulse meiner Sch\u00fcler zur Eigenkomposition.<\/p>\n\n\n\n<p class=\"has-large-font-size\">2010 begann eine sehr anregende Arbeit mit&nbsp;<a href=\"http:\/\/www.sternschanzen-atelier.de\/\" target=\"_blank\" rel=\"noreferrer noopener\">Serena Kahnert<\/a>&nbsp;und&nbsp;<a href=\"http:\/\/www.musikundpsyche.de\/\" target=\"_blank\" rel=\"noreferrer noopener\">Christiane H. Becker<\/a>. Wir arrangierten und komponierten&nbsp;<a href=\"http:\/\/www.tastenspass-hamburg.de\/\" target=\"_blank\" rel=\"noreferrer noopener\">St\u00fccke f\u00fcr 6-8 H\u00e4nde an einem Klavier<\/a>. Das erste Heft ist 2012 erschienen, ein Weihnachtsheft 2013. Die Hefte sind verlegt von&nbsp;<a href=\"http:\/\/www.bosworth-print.de\/kategorien-und-produkte\/peermusic\/spielmaterial-div-instrumente\/produkt\/tastenspass\/\" target=\"_blank\" rel=\"noreferrer noopener\">bosworth<\/a>&nbsp;und erh\u00e4ltlich mit oder ohne CD bei&nbsp;<a href=\"http:\/\/www.amazon.de\/gp\/product\/0501871101\/ref=as_li_ss_tl?ie=UTF8&amp;tag=peermusicgerm-21&amp;linkCode=as2&amp;camp=1638&amp;creative=19454&amp;creativeASIN=0501871101\" target=\"_blank\" rel=\"noreferrer noopener\">amazon<\/a>&nbsp;und im Musikalienhandel. <\/p>\n","protected":false},"excerpt":{"rendered":"<p>Musik macht Spa\u00df Im Alter von 7 Jahren bekam ich meinen ersten&nbsp;Blockfl\u00f6tenunterricht. Mit 12 Jahren ging mein Wunsch nach&nbsp;Gitarrenunterricht&nbsp;in Erf\u00fcllung und sp\u00e4ter kam noch Unterricht am&nbsp;Klavier&nbsp;dazu. Am Hamburger Konservatorium studierte ich im Bereich Privatmusik Allgemeine Musikerziehung und schloss 1988 mit einem Diplom f\u00fcr Musikp\u00e4dagogik ab. Danach arbeitete ich 10 Jahre &hellip;<\/p>\n","protected":false},"author":1,"featured_media":0,"parent":0,"menu_order":0,"comment_status":"closed","ping_status":"closed","template":"","meta":{"footnotes":""},"class_list":["post-12","page","type-page","status-publish","hentry"],"_links":{"self":[{"href":"https:\/\/musik-macht-spass-hamburg.de\/index.php?rest_route=\/wp\/v2\/pages\/12","targetHints":{"allow":["GET"]}}],"collection":[{"href":"https:\/\/musik-macht-spass-hamburg.de\/index.php?rest_route=\/wp\/v2\/pages"}],"about":[{"href":"https:\/\/musik-macht-spass-hamburg.de\/index.php?rest_route=\/wp\/v2\/types\/page"}],"author":[{"embeddable":true,"href":"https:\/\/musik-macht-spass-hamburg.de\/index.php?rest_route=\/wp\/v2\/users\/1"}],"replies":[{"embeddable":true,"href":"https:\/\/musik-macht-spass-hamburg.de\/index.php?rest_route=%2Fwp%2Fv2%2Fcomments&post=12"}],"version-history":[{"count":5,"href":"https:\/\/musik-macht-spass-hamburg.de\/index.php?rest_route=\/wp\/v2\/pages\/12\/revisions"}],"predecessor-version":[{"id":110,"href":"https:\/\/musik-macht-spass-hamburg.de\/index.php?rest_route=\/wp\/v2\/pages\/12\/revisions\/110"}],"wp:attachment":[{"href":"https:\/\/musik-macht-spass-hamburg.de\/index.php?rest_route=%2Fwp%2Fv2%2Fmedia&parent=12"}],"curies":[{"name":"wp","href":"https:\/\/api.w.org\/{rel}","templated":true}]}}