{"id":119,"date":"2025-06-28T17:18:41","date_gmt":"2025-06-28T17:18:41","guid":{"rendered":"https:\/\/musik-macht-spass-hamburg.de\/?page_id=119"},"modified":"2025-06-28T17:22:53","modified_gmt":"2025-06-28T17:22:53","slug":"was-ist-musiktherapie","status":"publish","type":"page","link":"https:\/\/musik-macht-spass-hamburg.de\/?page_id=119","title":{"rendered":"Musiktherapie"},"content":{"rendered":"\n<p class=\"has-text-align-center has-larger-font-size\">Musiktherapie<\/p>\n\n\n<div class=\"wp-block-image\">\n<figure class=\"aligncenter size-large is-resized\"><img loading=\"lazy\" decoding=\"async\" width=\"1024\" height=\"683\" src=\"https:\/\/musik-macht-spass-hamburg.de\/wp-content\/uploads\/2025\/06\/MusiktherapieZ6A5391_1-1024x683.jpg\" alt=\"\" class=\"wp-image-69\" style=\"width:891px;height:auto\" srcset=\"https:\/\/musik-macht-spass-hamburg.de\/wp-content\/uploads\/2025\/06\/MusiktherapieZ6A5391_1-1024x683.jpg 1024w, https:\/\/musik-macht-spass-hamburg.de\/wp-content\/uploads\/2025\/06\/MusiktherapieZ6A5391_1-300x200.jpg 300w, https:\/\/musik-macht-spass-hamburg.de\/wp-content\/uploads\/2025\/06\/MusiktherapieZ6A5391_1-768x512.jpg 768w, https:\/\/musik-macht-spass-hamburg.de\/wp-content\/uploads\/2025\/06\/MusiktherapieZ6A5391_1-1536x1024.jpg 1536w, https:\/\/musik-macht-spass-hamburg.de\/wp-content\/uploads\/2025\/06\/MusiktherapieZ6A5391_1-2048x1365.jpg 2048w\" sizes=\"auto, (max-width: 1024px) 100vw, 1024px\" \/><\/figure><\/div>\n\n\n<p class=\"has-large-font-size\">Durch das Musizieren k\u00f6nnen Momente erlebt werden, in denen wir uns aufgehoben und im Einklang mit uns selbst f\u00fchlen, dadurch kann ein Raum von Vertrauen in uns selbst entstehen.<\/p>\n\n\n\n<p class=\"has-large-font-size\">Dies l\u00e4\u00dft unser Inneres wachsen und l\u00e4\u00dft Reife und Selbstakzeptanz zu.<\/p>\n\n\n\n<p class=\"has-large-font-size\">Der gleichm\u00e4\u00dfige Rhythmus der Musik, l\u00e4\u00dft uns oft wieder mehr in den eigenen Rhythmus zur\u00fcckfinden. Er kann Verkrampfungen l\u00f6sen und zu mehr Entspannung f\u00fchren. Wir finden durch die Konzentration auf Musik, eine Selbstvergessenheit, welche die T\u00fcren zu unseren Emotionen \u00f6ffnet. Diese werden durch die Struktur und Form der Musik sortiert.<\/p>\n\n\n\n<p class=\"has-large-font-size\">Das Musizieren, vor allem gemeinsam, schafft einen Moment der tiefen Verbundenheit, der Abst\u00e4nde \u00fcberbr\u00fcckt und Zug\u00e4nge schafft.<\/p>\n\n\n\n<p class=\"has-large-font-size\">Dazu sind keine musikalischen Voraussetzungen notwendig, da mit einfach zu handhabenden Instrumenten musiziert wird. Dabei stehen der Selbstausdruck und das Erleben im Vordergrund.<\/p>\n","protected":false},"excerpt":{"rendered":"<p>Musiktherapie Durch das Musizieren k\u00f6nnen Momente erlebt werden, in denen wir uns aufgehoben und im Einklang mit uns selbst f\u00fchlen, dadurch kann ein Raum von Vertrauen in uns selbst entstehen. Dies l\u00e4\u00dft unser Inneres wachsen und l\u00e4\u00dft Reife und Selbstakzeptanz zu. Der gleichm\u00e4\u00dfige Rhythmus der Musik, l\u00e4\u00dft uns oft wieder &hellip;<\/p>\n","protected":false},"author":1,"featured_media":0,"parent":0,"menu_order":0,"comment_status":"closed","ping_status":"closed","template":"","meta":{"footnotes":""},"class_list":["post-119","page","type-page","status-publish","hentry"],"_links":{"self":[{"href":"https:\/\/musik-macht-spass-hamburg.de\/index.php?rest_route=\/wp\/v2\/pages\/119","targetHints":{"allow":["GET"]}}],"collection":[{"href":"https:\/\/musik-macht-spass-hamburg.de\/index.php?rest_route=\/wp\/v2\/pages"}],"about":[{"href":"https:\/\/musik-macht-spass-hamburg.de\/index.php?rest_route=\/wp\/v2\/types\/page"}],"author":[{"embeddable":true,"href":"https:\/\/musik-macht-spass-hamburg.de\/index.php?rest_route=\/wp\/v2\/users\/1"}],"replies":[{"embeddable":true,"href":"https:\/\/musik-macht-spass-hamburg.de\/index.php?rest_route=%2Fwp%2Fv2%2Fcomments&post=119"}],"version-history":[{"count":3,"href":"https:\/\/musik-macht-spass-hamburg.de\/index.php?rest_route=\/wp\/v2\/pages\/119\/revisions"}],"predecessor-version":[{"id":125,"href":"https:\/\/musik-macht-spass-hamburg.de\/index.php?rest_route=\/wp\/v2\/pages\/119\/revisions\/125"}],"wp:attachment":[{"href":"https:\/\/musik-macht-spass-hamburg.de\/index.php?rest_route=%2Fwp%2Fv2%2Fmedia&parent=119"}],"curies":[{"name":"wp","href":"https:\/\/api.w.org\/{rel}","templated":true}]}}